{"id":7,"date":"2014-05-13T21:14:07","date_gmt":"2014-05-13T20:14:07","guid":{"rendered":"http:\/\/tu101214.ucetnikancelar.net\/?page_id=7"},"modified":"2014-05-13T21:19:04","modified_gmt":"2014-05-13T20:19:04","slug":"predstavenstvo","status":"publish","type":"page","link":"https:\/\/tu101214.cz\/?page_id=7","title":{"rendered":"P\u0159edstavenstvo"},"content":{"rendered":"<p>p\u0159edseda:<br \/>\nIng. Jan Polenka, dat. nar. 26. ledna 1951<br \/>\nPraha lO, Tuchorazsk\u00e1 322<\/p>\n<p>m\u00edstop\u0159edseda:<br \/>\nVladim\u00edr Hol\u00fd, dat. nar. 27. \u010dervna 1955<br \/>\nPraha lO, Tuchorazsk\u00e1 324<\/p>\n<p>m\u00edstop\u0159edseda p\u0159edstavenstva:<br \/>\nStanislav Vrti\u0161ka, dat. nar. 8. \u0159\u00edjna 1943<br \/>\nPraha 10 &#8211; Male\u0161ice, Tuchorazsk\u00e1 322, PS\u010c 108 00<\/p>\n<p>\u010dlen p\u0159edstavenstva:<br \/>\nJi\u0159\u00ed Borsk\u00fd, dat. nar. 3. dubna 1952<br \/>\nPraha 10 &#8211; Male\u0161ice, Tuchorazsk\u00e1 323, PS\u010c 108 00<\/p>\n<p>m\u00edstop\u0159edseda p\u0159edstavenstva:<br \/>\nMilo\u0161 Vrbata, dat. nar. 7. \u0159\u00edjna 1971<br \/>\nPraha 10 &#8211; Male\u0161ice, Tuchorazsk\u00e1 322, PS\u010c 108 00<\/p>\n","protected":false},"excerpt":{"rendered":"<p>p\u0159edseda: Ing. Jan Polenka, dat. nar. 26. ledna 1951 Praha lO, Tuchorazsk\u00e1 322 m\u00edstop\u0159edseda: Vladim\u00edr Hol\u00fd, dat. nar. 27. \u010dervna 1955 Praha lO, Tuchorazsk\u00e1 324 m\u00edstop\u0159edseda p\u0159edstavenstva: Stanislav Vrti\u0161ka, dat. nar. 8. \u0159\u00edjna 1943 Praha 10 &#8211; Male\u0161ice, Tuchorazsk\u00e1 322, PS\u010c 108 00 \u010dlen p\u0159edstavenstva: Ji\u0159\u00ed Borsk\u00fd, dat. nar. 3. dubna 1952 Praha 10 &#8211; [&hellip;]<\/p>\n","protected":false},"author":1,"featured_media":0,"parent":0,"menu_order":0,"comment_status":"closed","ping_status":"open","template":"","meta":{"_links_to":"","_links_to_target":""},"_links":{"self":[{"href":"https:\/\/tu101214.cz\/index.php?rest_route=\/wp\/v2\/pages\/7"}],"collection":[{"href":"https:\/\/tu101214.cz\/index.php?rest_route=\/wp\/v2\/pages"}],"about":[{"href":"https:\/\/tu101214.cz\/index.php?rest_route=\/wp\/v2\/types\/page"}],"author":[{"embeddable":true,"href":"https:\/\/tu101214.cz\/index.php?rest_route=\/wp\/v2\/users\/1"}],"replies":[{"embeddable":true,"href":"https:\/\/tu101214.cz\/index.php?rest_route=%2Fwp%2Fv2%2Fcomments&post=7"}],"version-history":[{"count":1,"href":"https:\/\/tu101214.cz\/index.php?rest_route=\/wp\/v2\/pages\/7\/revisions"}],"predecessor-version":[{"id":8,"href":"https:\/\/tu101214.cz\/index.php?rest_route=\/wp\/v2\/pages\/7\/revisions\/8"}],"wp:attachment":[{"href":"https:\/\/tu101214.cz\/index.php?rest_route=%2Fwp%2Fv2%2Fmedia&parent=7"}],"curies":[{"name":"wp","href":"https:\/\/api.w.org\/{rel}","templated":true}]}}