{"id":5,"date":"2014-05-13T21:10:11","date_gmt":"2014-05-13T20:10:11","guid":{"rendered":"http:\/\/tu101214.ucetnikancelar.net\/?page_id=5"},"modified":"2014-05-13T21:18:47","modified_gmt":"2014-05-13T20:18:47","slug":"kontaktni-udaje","status":"publish","type":"page","link":"https:\/\/tu101214.cz\/?page_id=5","title":{"rendered":"Kontaktn\u00ed \u00fadaje"},"content":{"rendered":"<p>TU lOl2l4, dru\u017estvo<br \/>\nTuchorazsk\u00e1 12\/323<br \/>\n108 00, Praha lO<\/p>\n<p>I\u010c: 256 65 642<\/p>\n<p><iframe loading=\"lazy\" src=\"https:\/\/www.google.com\/maps\/embed?pb=!1m18!1m12!1m3!1d2560.2504828633314!2d14.505768099999996!3d50.081596999999995!2m3!1f0!2f0!3f0!3m2!1i1024!2i768!4f13.1!3m3!1m2!1s0x470b93226c1edf2f%3A0x7cb43a14f450d1e4!2sTuchorazsk%C3%A1+323%2F12!5e0!3m2!1scs!2scz!4v1400011688769\" width=\"600\" height=\"450\" frameborder=\"0\" style=\"border:0\"><\/iframe><\/p>\n","protected":false},"excerpt":{"rendered":"<p>TU lOl2l4, dru\u017estvo Tuchorazsk\u00e1 12\/323 108 00, Praha lO I\u010c: 256 65 642<\/p>\n","protected":false},"author":1,"featured_media":0,"parent":0,"menu_order":0,"comment_status":"closed","ping_status":"open","template":"","meta":{"_links_to":"","_links_to_target":""},"_links":{"self":[{"href":"https:\/\/tu101214.cz\/index.php?rest_route=\/wp\/v2\/pages\/5"}],"collection":[{"href":"https:\/\/tu101214.cz\/index.php?rest_route=\/wp\/v2\/pages"}],"about":[{"href":"https:\/\/tu101214.cz\/index.php?rest_route=\/wp\/v2\/types\/page"}],"author":[{"embeddable":true,"href":"https:\/\/tu101214.cz\/index.php?rest_route=\/wp\/v2\/users\/1"}],"replies":[{"embeddable":true,"href":"https:\/\/tu101214.cz\/index.php?rest_route=%2Fwp%2Fv2%2Fcomments&post=5"}],"version-history":[{"count":1,"href":"https:\/\/tu101214.cz\/index.php?rest_route=\/wp\/v2\/pages\/5\/revisions"}],"predecessor-version":[{"id":6,"href":"https:\/\/tu101214.cz\/index.php?rest_route=\/wp\/v2\/pages\/5\/revisions\/6"}],"wp:attachment":[{"href":"https:\/\/tu101214.cz\/index.php?rest_route=%2Fwp%2Fv2%2Fmedia&parent=5"}],"curies":[{"name":"wp","href":"https:\/\/api.w.org\/{rel}","templated":true}]}}